{"id":58199,"date":"2025-06-03T21:11:45","date_gmt":"2025-06-03T21:11:45","guid":{"rendered":"https:\/\/daidalosconstruction.com\/?page_id=58199"},"modified":"2025-06-03T21:23:16","modified_gmt":"2025-06-03T21:23:16","slug":"four-seasons-resort-bodrum","status":"publish","type":"page","link":"https:\/\/daidalosconstruction.com\/tr\/four-seasons-resort-bodrum\/","title":{"rendered":"FOUR SEASONS RESORT BODRUM"},"content":{"rendered":"\t\t<div data-elementor-type=\"wp-page\" data-elementor-id=\"58199\" class=\"elementor elementor-58199 elementor-58192\" data-elementor-post-type=\"page\">\n\t\t\t\t<div class=\"elementor-element elementor-element-2aadfd83 e-flex e-con-boxed e-con e-parent\" data-id=\"2aadfd83\" data-element_type=\"container\">\n\t\t\t\t\t<div class=\"e-con-inner\">\n\t\t\t\t<div class=\"elementor-element elementor-element-196cb6d9 elementor-widget elementor-widget-text-editor\" data-id=\"196cb6d9\" data-element_type=\"widget\" data-settings=\"{&quot;wdt_animation_effect&quot;:&quot;none&quot;}\" data-widget_type=\"text-editor.default\">\n\t\t\t\t<div class=\"elementor-widget-container\">\n\t\t\t\t\t\t\t\t\t<h1>FOUR SEASONS RESORT BODRUM<\/h1>\t\t\t\t\t\t\t\t<\/div>\n\t\t\t\t<\/div>\n\t\t\t\t<div class=\"elementor-element elementor-element-2b044cdd elementor-widget elementor-widget-text-editor\" data-id=\"2b044cdd\" data-element_type=\"widget\" data-settings=\"{&quot;wdt_animation_effect&quot;:&quot;none&quot;}\" data-widget_type=\"text-editor.default\">\n\t\t\t\t<div class=\"elementor-widget-container\">\n\t\t\t\t\t\t\t\t\t<p>YALI\u00c7\u0130FTL\u0130K<\/p>\t\t\t\t\t\t\t\t<\/div>\n\t\t\t\t<\/div>\n\t\t\t\t\t<\/div>\n\t\t\t\t<\/div>\n\t\t<div class=\"elementor-element elementor-element-7bf73cd4 e-flex e-con-boxed e-con e-parent\" data-id=\"7bf73cd4\" data-element_type=\"container\">\n\t\t\t\t\t<div class=\"e-con-inner\">\n\t\t\t\t<div class=\"elementor-element elementor-element-3a3f907f elementor-widget elementor-widget-image\" data-id=\"3a3f907f\" data-element_type=\"widget\" data-settings=\"{&quot;wdt_animation_effect&quot;:&quot;none&quot;}\" data-widget_type=\"image.default\">\n\t\t\t\t<div class=\"elementor-widget-container\">\n\t\t\t\t\t\t\t\t\t\t\t\t\t\t\t<img fetchpriority=\"high\" decoding=\"async\" width=\"1845\" height=\"749\" src=\"https:\/\/daidalosconstruction.com\/wp-content\/uploads\/2025\/05\/Daidalos-Web-Page-1-1.jpg\" class=\"attachment-full size-full wp-image-17276\" alt=\"\" srcset=\"https:\/\/daidalosconstruction.com\/wp-content\/uploads\/2025\/05\/Daidalos-Web-Page-1-1.jpg 1845w, https:\/\/daidalosconstruction.com\/wp-content\/uploads\/2025\/05\/Daidalos-Web-Page-1-1-1000x406.jpg 1000w, https:\/\/daidalosconstruction.com\/wp-content\/uploads\/2025\/05\/Daidalos-Web-Page-1-1-300x122.jpg 300w, https:\/\/daidalosconstruction.com\/wp-content\/uploads\/2025\/05\/Daidalos-Web-Page-1-1-1024x416.jpg 1024w, https:\/\/daidalosconstruction.com\/wp-content\/uploads\/2025\/05\/Daidalos-Web-Page-1-1-768x312.jpg 768w, https:\/\/daidalosconstruction.com\/wp-content\/uploads\/2025\/05\/Daidalos-Web-Page-1-1-1536x624.jpg 1536w\" sizes=\"(max-width: 1845px) 100vw, 1845px\" \/>\t\t\t\t\t\t\t\t\t\t\t\t\t\t\t<\/div>\n\t\t\t\t<\/div>\n\t\t\t\t\t<\/div>\n\t\t\t\t<\/div>\n\t\t<div class=\"elementor-element elementor-element-3bae9edc e-flex e-con-boxed e-con e-parent\" data-id=\"3bae9edc\" data-element_type=\"container\">\n\t\t\t\t\t<div class=\"e-con-inner\">\n\t\t<div class=\"elementor-element elementor-element-23af64ec e-con-full e-flex e-con e-child\" data-id=\"23af64ec\" data-element_type=\"container\">\n\t\t\t\t<div class=\"elementor-element elementor-element-656f6e24 elementor-widget elementor-widget-image\" data-id=\"656f6e24\" data-element_type=\"widget\" data-settings=\"{&quot;wdt_animation_effect&quot;:&quot;none&quot;}\" data-widget_type=\"image.default\">\n\t\t\t\t<div class=\"elementor-widget-container\">\n\t\t\t\t\t\t\t\t\t\t\t\t\t\t\t<img decoding=\"async\" width=\"604\" height=\"440\" src=\"https:\/\/daidalosconstruction.com\/wp-content\/uploads\/2025\/05\/Daidalos-Web-Page-3-1.jpg\" class=\"attachment-large size-large wp-image-17273\" alt=\"\" srcset=\"https:\/\/daidalosconstruction.com\/wp-content\/uploads\/2025\/05\/Daidalos-Web-Page-3-1.jpg 604w, https:\/\/daidalosconstruction.com\/wp-content\/uploads\/2025\/05\/Daidalos-Web-Page-3-1-300x219.jpg 300w\" sizes=\"(max-width: 604px) 100vw, 604px\" \/>\t\t\t\t\t\t\t\t\t\t\t\t\t\t\t<\/div>\n\t\t\t\t<\/div>\n\t\t\t\t<\/div>\n\t\t<div class=\"elementor-element elementor-element-7d3332e4 e-con-full e-flex e-con e-child\" data-id=\"7d3332e4\" data-element_type=\"container\">\n\t\t\t\t<div class=\"elementor-element elementor-element-52dd7799 elementor-widget elementor-widget-image\" data-id=\"52dd7799\" data-element_type=\"widget\" data-settings=\"{&quot;wdt_animation_effect&quot;:&quot;none&quot;}\" data-widget_type=\"image.default\">\n\t\t\t\t<div class=\"elementor-widget-container\">\n\t\t\t\t\t\t\t\t\t\t\t\t\t\t\t<img decoding=\"async\" width=\"604\" height=\"440\" src=\"https:\/\/daidalosconstruction.com\/wp-content\/uploads\/2025\/05\/Daidalos-Web-Page-2-1.jpg\" class=\"attachment-large size-large wp-image-17255\" alt=\"\" srcset=\"https:\/\/daidalosconstruction.com\/wp-content\/uploads\/2025\/05\/Daidalos-Web-Page-2-1.jpg 604w, https:\/\/daidalosconstruction.com\/wp-content\/uploads\/2025\/05\/Daidalos-Web-Page-2-1-300x219.jpg 300w\" sizes=\"(max-width: 604px) 100vw, 604px\" \/>\t\t\t\t\t\t\t\t\t\t\t\t\t\t\t<\/div>\n\t\t\t\t<\/div>\n\t\t\t\t<\/div>\n\t\t<div class=\"elementor-element elementor-element-f84eda9 e-con-full e-flex e-con e-child\" data-id=\"f84eda9\" data-element_type=\"container\">\n\t\t\t\t<div class=\"elementor-element elementor-element-74ae05eb elementor-widget elementor-widget-image\" data-id=\"74ae05eb\" data-element_type=\"widget\" data-settings=\"{&quot;wdt_animation_effect&quot;:&quot;none&quot;}\" data-widget_type=\"image.default\">\n\t\t\t\t<div class=\"elementor-widget-container\">\n\t\t\t\t\t\t\t\t\t\t\t\t\t\t\t<img loading=\"lazy\" decoding=\"async\" width=\"604\" height=\"440\" src=\"https:\/\/daidalosconstruction.com\/wp-content\/uploads\/2025\/05\/Daidalos-Web-Page-4-1.jpg\" class=\"attachment-large size-large wp-image-17270\" alt=\"\" srcset=\"https:\/\/daidalosconstruction.com\/wp-content\/uploads\/2025\/05\/Daidalos-Web-Page-4-1.jpg 604w, https:\/\/daidalosconstruction.com\/wp-content\/uploads\/2025\/05\/Daidalos-Web-Page-4-1-300x219.jpg 300w\" sizes=\"(max-width: 604px) 100vw, 604px\" \/>\t\t\t\t\t\t\t\t\t\t\t\t\t\t\t<\/div>\n\t\t\t\t<\/div>\n\t\t\t\t<\/div>\n\t\t\t\t\t<\/div>\n\t\t\t\t<\/div>\n\t\t<div class=\"elementor-element elementor-element-793b0fa8 e-flex e-con-boxed e-con e-parent\" data-id=\"793b0fa8\" data-element_type=\"container\">\n\t\t\t\t\t<div class=\"e-con-inner\">\n\t\t\t\t<div class=\"elementor-element elementor-element-1848b447 elementor-widget elementor-widget-heading\" data-id=\"1848b447\" data-element_type=\"widget\" data-settings=\"{&quot;wdt_animation_effect&quot;:&quot;none&quot;}\" data-widget_type=\"heading.default\">\n\t\t\t\t<div class=\"elementor-widget-container\">\n\t\t\t\t\t<h5 class=\"elementor-heading-title elementor-size-default\">Bodrum Yal\u0131\u00e7iftlik \u201cin muhte\u015fem do\u011fal manzaras\u0131n\u0131n ortas\u0131nda yer alan Four Seasons<br> Residences Bodrum, rafine ya\u015fam\u0131 zarafetle birle\u015ftiriyor<br> Ege\u201d nin.\n\n<\/h5>\t\t\t\t<\/div>\n\t\t\t\t<\/div>\n\t\t\t\t\t<\/div>\n\t\t\t\t<\/div>\n\t\t<div class=\"elementor-element elementor-element-3e3cde72 e-flex e-con-boxed e-con e-parent\" data-id=\"3e3cde72\" data-element_type=\"container\">\n\t\t\t\t\t<div class=\"e-con-inner\">\n\t\t\t\t<div class=\"elementor-element elementor-element-16da1661 elementor-widget elementor-widget-text-editor\" data-id=\"16da1661\" data-element_type=\"widget\" data-settings=\"{&quot;wdt_animation_effect&quot;:&quot;none&quot;}\" data-widget_type=\"text-editor.default\">\n\t\t\t\t<div class=\"elementor-widget-container\">\n\t\t\t\t\t\t\t\t\tBu prestijli projenin sa\u011flam ve y\u00fcksek kaliteli yap\u0131sal \u00e7er\u00e7evesi,<br> Daidalos Construction taraf\u0131ndan y\u00fcr\u00fct\u00fclen kabuk ve \u00e7ekirdek in\u015faat i\u015fleri. Bu temel a\u015fama, uyumla\u015ft\u0131rma<br> mimari tasar\u0131mla birlikte projenin dayan\u0131kl\u0131l\u0131\u011f\u0131 ve<br> yap\u0131sal b\u00fct\u00fcnl\u00fck. <p>\n\nDaidalos Construction olarak, m\u00fchendisli\u011fimizi katk\u0131da bulunmaktan gurur duyuyoruz<br> Four Seasons markas\u0131n\u0131n kalitesini yans\u0131tan bir projeye uzmanl\u0131k ve zanaatkarl\u0131k kat\u0131lm\u0131\u015ft\u0131r. Her ayr\u0131nt\u0131<br> estetik g\u00fczelli\u011fin ve i\u015flevselli\u011fin bir arada olmas\u0131n\u0131 sa\u011flayarak hassasiyet ve sa\u011flaml\u0131kla in\u015fa edilmi\u015ftir<br> sa\u011flam temel. \t\t\t\t\t\t\t\t<\/div>\n\t\t\t\t<\/div>\n\t\t\t\t\t<\/div>\n\t\t\t\t<\/div>\n\t\t<div class=\"elementor-element elementor-element-25954d74 e-flex e-con-boxed e-con e-parent\" data-id=\"25954d74\" data-element_type=\"container\" data-settings=\"{&quot;background_background&quot;:&quot;classic&quot;}\">\n\t\t\t\t\t<div class=\"e-con-inner\">\n\t\t<div class=\"elementor-element elementor-element-65499ebe e-grid e-con-full e-con e-child\" data-id=\"65499ebe\" data-element_type=\"container\">\n\t\t\t\t<div class=\"elementor-element elementor-element-36a9eeb5 elementor-widget elementor-widget-image\" data-id=\"36a9eeb5\" data-element_type=\"widget\" data-settings=\"{&quot;wdt_animation_effect&quot;:&quot;none&quot;}\" data-widget_type=\"image.default\">\n\t\t\t\t<div class=\"elementor-widget-container\">\n\t\t\t\t\t\t\t\t\t\t\t\t\t\t\t<img loading=\"lazy\" decoding=\"async\" width=\"655\" height=\"368\" src=\"https:\/\/daidalosconstruction.com\/wp-content\/uploads\/2025\/05\/Daidalos-Web-Page-5-1.jpg\" class=\"attachment-full size-full wp-image-17267\" alt=\"\" srcset=\"https:\/\/daidalosconstruction.com\/wp-content\/uploads\/2025\/05\/Daidalos-Web-Page-5-1.jpg 655w, https:\/\/daidalosconstruction.com\/wp-content\/uploads\/2025\/05\/Daidalos-Web-Page-5-1-300x169.jpg 300w\" sizes=\"(max-width: 655px) 100vw, 655px\" \/>\t\t\t\t\t\t\t\t\t\t\t\t\t\t\t<\/div>\n\t\t\t\t<\/div>\n\t\t\t\t<div class=\"elementor-element elementor-element-49a2b17a elementor-widget elementor-widget-image\" data-id=\"49a2b17a\" data-element_type=\"widget\" data-settings=\"{&quot;wdt_animation_effect&quot;:&quot;none&quot;}\" data-widget_type=\"image.default\">\n\t\t\t\t<div class=\"elementor-widget-container\">\n\t\t\t\t\t\t\t\t\t\t\t\t\t\t\t<img loading=\"lazy\" decoding=\"async\" width=\"655\" height=\"368\" src=\"https:\/\/daidalosconstruction.com\/wp-content\/uploads\/2025\/05\/Daidalos-Web-Page-6b-1.png\" class=\"attachment-large size-large wp-image-17258\" alt=\"\" srcset=\"https:\/\/daidalosconstruction.com\/wp-content\/uploads\/2025\/05\/Daidalos-Web-Page-6b-1.png 655w, https:\/\/daidalosconstruction.com\/wp-content\/uploads\/2025\/05\/Daidalos-Web-Page-6b-1-300x169.png 300w\" sizes=\"(max-width: 655px) 100vw, 655px\" \/>\t\t\t\t\t\t\t\t\t\t\t\t\t\t\t<\/div>\n\t\t\t\t<\/div>\n\t\t\t\t<div class=\"elementor-element elementor-element-2655bed7 elementor-widget elementor-widget-image\" data-id=\"2655bed7\" data-element_type=\"widget\" data-settings=\"{&quot;wdt_animation_effect&quot;:&quot;none&quot;}\" data-widget_type=\"image.default\">\n\t\t\t\t<div class=\"elementor-widget-container\">\n\t\t\t\t\t\t\t\t\t\t\t\t\t\t\t<img loading=\"lazy\" decoding=\"async\" width=\"655\" height=\"368\" src=\"https:\/\/daidalosconstruction.com\/wp-content\/uploads\/2025\/05\/Daidalos-Web-Page-7-1.jpg\" class=\"attachment-large size-large wp-image-17252\" alt=\"\" srcset=\"https:\/\/daidalosconstruction.com\/wp-content\/uploads\/2025\/05\/Daidalos-Web-Page-7-1.jpg 655w, https:\/\/daidalosconstruction.com\/wp-content\/uploads\/2025\/05\/Daidalos-Web-Page-7-1-300x169.jpg 300w\" sizes=\"(max-width: 655px) 100vw, 655px\" \/>\t\t\t\t\t\t\t\t\t\t\t\t\t\t\t<\/div>\n\t\t\t\t<\/div>\n\t\t\t\t<\/div>\n\t\t\t\t\t<\/div>\n\t\t\t\t<\/div>\n\t\t<div class=\"elementor-element elementor-element-59fc6fbf e-con-full e-flex e-con e-parent\" data-id=\"59fc6fbf\" data-element_type=\"container\">\n\t\t<div class=\"elementor-element elementor-element-69ab0278 e-con-full e-flex e-con e-child\" data-id=\"69ab0278\" data-element_type=\"container\">\n\t\t\t\t<\/div>\n\t\t\t\t<\/div>\n\t\t\t\t<\/div>\n\t\t","protected":false},"excerpt":{"rendered":"<p> [&hellip;]<\/p>\n","protected":false},"author":1,"featured_media":0,"parent":0,"menu_order":0,"comment_status":"closed","ping_status":"closed","template":"tpl-single-listing.php","meta":{"_acf_changed":false,"footnotes":""},"class_list":["post-58199","page","type-page","status-publish","hentry"],"acf":[],"_links":{"self":[{"href":"https:\/\/daidalosconstruction.com\/tr\/wp-json\/wp\/v2\/pages\/58199","targetHints":{"allow":["GET"]}}],"collection":[{"href":"https:\/\/daidalosconstruction.com\/tr\/wp-json\/wp\/v2\/pages"}],"about":[{"href":"https:\/\/daidalosconstruction.com\/tr\/wp-json\/wp\/v2\/types\/page"}],"author":[{"embeddable":true,"href":"https:\/\/daidalosconstruction.com\/tr\/wp-json\/wp\/v2\/users\/1"}],"replies":[{"embeddable":true,"href":"https:\/\/daidalosconstruction.com\/tr\/wp-json\/wp\/v2\/comments?post=58199"}],"version-history":[{"count":3,"href":"https:\/\/daidalosconstruction.com\/tr\/wp-json\/wp\/v2\/pages\/58199\/revisions"}],"predecessor-version":[{"id":58205,"href":"https:\/\/daidalosconstruction.com\/tr\/wp-json\/wp\/v2\/pages\/58199\/revisions\/58205"}],"wp:attachment":[{"href":"https:\/\/daidalosconstruction.com\/tr\/wp-json\/wp\/v2\/media?parent=58199"}],"curies":[{"name":"wp","href":"https:\/\/api.w.org\/{rel}","templated":true}]}}