{"id":58201,"date":"2025-06-03T21:11:45","date_gmt":"2025-06-03T21:11:45","guid":{"rendered":"https:\/\/daidalosconstruction.com\/four-seasons-resort-bodrum\/"},"modified":"2025-06-03T21:22:53","modified_gmt":"2025-06-03T21:22:53","slug":"four-seasons-resort-bodrum","status":"publish","type":"page","link":"https:\/\/daidalosconstruction.com\/es\/four-seasons-resort-bodrum\/","title":{"rendered":"FOUR SEASONS RESORT BODRUM"},"content":{"rendered":"\t\t<div data-elementor-type=\"wp-page\" data-elementor-id=\"58201\" class=\"elementor elementor-58201 elementor-58183\" data-elementor-post-type=\"page\">\n\t\t\t\t<div class=\"elementor-element elementor-element-2aadfd83 e-flex e-con-boxed e-con e-parent\" data-id=\"2aadfd83\" data-element_type=\"container\">\n\t\t\t\t\t<div class=\"e-con-inner\">\n\t\t\t\t<div class=\"elementor-element elementor-element-196cb6d9 elementor-widget elementor-widget-text-editor\" data-id=\"196cb6d9\" data-element_type=\"widget\" data-settings=\"{&quot;wdt_animation_effect&quot;:&quot;none&quot;}\" data-widget_type=\"text-editor.default\">\n\t\t\t\t<div class=\"elementor-widget-container\">\n\t\t\t\t\t\t\t\t\t<h1>FOUR SEASONS RESORT BODRUM<\/h1>\t\t\t\t\t\t\t\t<\/div>\n\t\t\t\t<\/div>\n\t\t\t\t<div class=\"elementor-element elementor-element-2b044cdd elementor-widget elementor-widget-text-editor\" data-id=\"2b044cdd\" data-element_type=\"widget\" data-settings=\"{&quot;wdt_animation_effect&quot;:&quot;none&quot;}\" data-widget_type=\"text-editor.default\">\n\t\t\t\t<div class=\"elementor-widget-container\">\n\t\t\t\t\t\t\t\t\t<p>YALICIFTLIK<\/p>\t\t\t\t\t\t\t\t<\/div>\n\t\t\t\t<\/div>\n\t\t\t\t\t<\/div>\n\t\t\t\t<\/div>\n\t\t<div class=\"elementor-element elementor-element-7bf73cd4 e-flex e-con-boxed e-con e-parent\" data-id=\"7bf73cd4\" data-element_type=\"container\">\n\t\t\t\t\t<div class=\"e-con-inner\">\n\t\t\t\t<div class=\"elementor-element elementor-element-3a3f907f elementor-widget elementor-widget-image\" data-id=\"3a3f907f\" data-element_type=\"widget\" data-settings=\"{&quot;wdt_animation_effect&quot;:&quot;none&quot;}\" data-widget_type=\"image.default\">\n\t\t\t\t<div class=\"elementor-widget-container\">\n\t\t\t\t\t\t\t\t\t\t\t\t\t\t\t<img fetchpriority=\"high\" decoding=\"async\" width=\"1845\" height=\"749\" src=\"https:\/\/daidalosconstruction.com\/wp-content\/uploads\/2025\/05\/Daidalos-Web-Page-1-1.jpg\" class=\"attachment-full size-full wp-image-17275\" alt=\"\" srcset=\"https:\/\/daidalosconstruction.com\/wp-content\/uploads\/2025\/05\/Daidalos-Web-Page-1-1.jpg 1845w, https:\/\/daidalosconstruction.com\/wp-content\/uploads\/2025\/05\/Daidalos-Web-Page-1-1-1000x406.jpg 1000w, https:\/\/daidalosconstruction.com\/wp-content\/uploads\/2025\/05\/Daidalos-Web-Page-1-1-300x122.jpg 300w, https:\/\/daidalosconstruction.com\/wp-content\/uploads\/2025\/05\/Daidalos-Web-Page-1-1-1024x416.jpg 1024w, https:\/\/daidalosconstruction.com\/wp-content\/uploads\/2025\/05\/Daidalos-Web-Page-1-1-768x312.jpg 768w, https:\/\/daidalosconstruction.com\/wp-content\/uploads\/2025\/05\/Daidalos-Web-Page-1-1-1536x624.jpg 1536w\" sizes=\"(max-width: 1845px) 100vw, 1845px\" \/>\t\t\t\t\t\t\t\t\t\t\t\t\t\t\t<\/div>\n\t\t\t\t<\/div>\n\t\t\t\t\t<\/div>\n\t\t\t\t<\/div>\n\t\t<div class=\"elementor-element elementor-element-3bae9edc e-flex e-con-boxed e-con e-parent\" data-id=\"3bae9edc\" data-element_type=\"container\">\n\t\t\t\t\t<div class=\"e-con-inner\">\n\t\t<div class=\"elementor-element elementor-element-23af64ec e-con-full e-flex e-con e-child\" data-id=\"23af64ec\" data-element_type=\"container\">\n\t\t\t\t<div class=\"elementor-element elementor-element-656f6e24 elementor-widget elementor-widget-image\" data-id=\"656f6e24\" data-element_type=\"widget\" data-settings=\"{&quot;wdt_animation_effect&quot;:&quot;none&quot;}\" data-widget_type=\"image.default\">\n\t\t\t\t<div class=\"elementor-widget-container\">\n\t\t\t\t\t\t\t\t\t\t\t\t\t\t\t<img decoding=\"async\" width=\"604\" height=\"440\" src=\"https:\/\/daidalosconstruction.com\/wp-content\/uploads\/2025\/05\/Daidalos-Web-Page-3-1.jpg\" class=\"attachment-large size-large wp-image-17272\" alt=\"\" srcset=\"https:\/\/daidalosconstruction.com\/wp-content\/uploads\/2025\/05\/Daidalos-Web-Page-3-1.jpg 604w, https:\/\/daidalosconstruction.com\/wp-content\/uploads\/2025\/05\/Daidalos-Web-Page-3-1-300x219.jpg 300w\" sizes=\"(max-width: 604px) 100vw, 604px\" \/>\t\t\t\t\t\t\t\t\t\t\t\t\t\t\t<\/div>\n\t\t\t\t<\/div>\n\t\t\t\t<\/div>\n\t\t<div class=\"elementor-element elementor-element-7d3332e4 e-con-full e-flex e-con e-child\" data-id=\"7d3332e4\" data-element_type=\"container\">\n\t\t\t\t<div class=\"elementor-element elementor-element-52dd7799 elementor-widget elementor-widget-image\" data-id=\"52dd7799\" data-element_type=\"widget\" data-settings=\"{&quot;wdt_animation_effect&quot;:&quot;none&quot;}\" data-widget_type=\"image.default\">\n\t\t\t\t<div class=\"elementor-widget-container\">\n\t\t\t\t\t\t\t\t\t\t\t\t\t\t\t<img decoding=\"async\" width=\"604\" height=\"440\" src=\"https:\/\/daidalosconstruction.com\/wp-content\/uploads\/2025\/05\/Daidalos-Web-Page-2-1.jpg\" class=\"attachment-large size-large wp-image-17254\" alt=\"\" srcset=\"https:\/\/daidalosconstruction.com\/wp-content\/uploads\/2025\/05\/Daidalos-Web-Page-2-1.jpg 604w, https:\/\/daidalosconstruction.com\/wp-content\/uploads\/2025\/05\/Daidalos-Web-Page-2-1-300x219.jpg 300w\" sizes=\"(max-width: 604px) 100vw, 604px\" \/>\t\t\t\t\t\t\t\t\t\t\t\t\t\t\t<\/div>\n\t\t\t\t<\/div>\n\t\t\t\t<\/div>\n\t\t<div class=\"elementor-element elementor-element-f84eda9 e-con-full e-flex e-con e-child\" data-id=\"f84eda9\" data-element_type=\"container\">\n\t\t\t\t<div class=\"elementor-element elementor-element-74ae05eb elementor-widget elementor-widget-image\" data-id=\"74ae05eb\" data-element_type=\"widget\" data-settings=\"{&quot;wdt_animation_effect&quot;:&quot;none&quot;}\" data-widget_type=\"image.default\">\n\t\t\t\t<div class=\"elementor-widget-container\">\n\t\t\t\t\t\t\t\t\t\t\t\t\t\t\t<img loading=\"lazy\" decoding=\"async\" width=\"604\" height=\"440\" src=\"https:\/\/daidalosconstruction.com\/wp-content\/uploads\/2025\/05\/Daidalos-Web-Page-4-1.jpg\" class=\"attachment-large size-large wp-image-17269\" alt=\"\" srcset=\"https:\/\/daidalosconstruction.com\/wp-content\/uploads\/2025\/05\/Daidalos-Web-Page-4-1.jpg 604w, https:\/\/daidalosconstruction.com\/wp-content\/uploads\/2025\/05\/Daidalos-Web-Page-4-1-300x219.jpg 300w\" sizes=\"(max-width: 604px) 100vw, 604px\" \/>\t\t\t\t\t\t\t\t\t\t\t\t\t\t\t<\/div>\n\t\t\t\t<\/div>\n\t\t\t\t<\/div>\n\t\t\t\t\t<\/div>\n\t\t\t\t<\/div>\n\t\t<div class=\"elementor-element elementor-element-793b0fa8 e-flex e-con-boxed e-con e-parent\" data-id=\"793b0fa8\" data-element_type=\"container\">\n\t\t\t\t\t<div class=\"e-con-inner\">\n\t\t\t\t<div class=\"elementor-element elementor-element-1848b447 elementor-widget elementor-widget-heading\" data-id=\"1848b447\" data-element_type=\"widget\" data-settings=\"{&quot;wdt_animation_effect&quot;:&quot;none&quot;}\" data-widget_type=\"heading.default\">\n\t\t\t\t<div class=\"elementor-widget-container\">\n\t\t\t\t\t<h5 class=\"elementor-heading-title elementor-size-default\">Situado en el impresionante paisaje natural de Yal\u0131ciftlik en Bodrum, Four Seasons<br>Residences Bodrum combina una vida refinada con la elegancia<br>del mar Egeo.\n\n<\/h5>\t\t\t\t<\/div>\n\t\t\t\t<\/div>\n\t\t\t\t\t<\/div>\n\t\t\t\t<\/div>\n\t\t<div class=\"elementor-element elementor-element-3e3cde72 e-flex e-con-boxed e-con e-parent\" data-id=\"3e3cde72\" data-element_type=\"container\">\n\t\t\t\t\t<div class=\"e-con-inner\">\n\t\t\t\t<div class=\"elementor-element elementor-element-16da1661 elementor-widget elementor-widget-text-editor\" data-id=\"16da1661\" data-element_type=\"widget\" data-settings=\"{&quot;wdt_animation_effect&quot;:&quot;none&quot;}\" data-widget_type=\"text-editor.default\">\n\t\t\t\t<div class=\"elementor-widget-container\">\n\t\t\t\t\t\t\t\t\tEl s\u00f3lido y de alta calidad marco estructural de este prestigioso proyecto se materializ\u00f3 a trav\u00e9s de los<br>trabajos de construcci\u00f3n de estructura y n\u00facleo realizados por Daidalos Construction. Esta fase fundamental, en armon\u00eda<br>con el dise\u00f1o arquitect\u00f3nico, es clave para la durabilidad y<br>la integridad estructural del proyecto. <p>\n\nEn Daidalos Construction, nos enorgullecemos de haber contribuido con nuestra<br>experiencia en ingenier\u00eda y artesan\u00eda a un proyecto que refleja la calidad de la marca Four Seasons. Cada detalle<br>ha sido construido con precisi\u00f3n y solidez, garantizando que la belleza est\u00e9tica y la funcionalidad se asienten sobre una<br>base s\u00f3lida. \t\t\t\t\t\t\t\t<\/div>\n\t\t\t\t<\/div>\n\t\t\t\t\t<\/div>\n\t\t\t\t<\/div>\n\t\t<div class=\"elementor-element elementor-element-25954d74 e-flex e-con-boxed e-con e-parent\" data-id=\"25954d74\" data-element_type=\"container\" data-settings=\"{&quot;background_background&quot;:&quot;classic&quot;}\">\n\t\t\t\t\t<div class=\"e-con-inner\">\n\t\t<div class=\"elementor-element elementor-element-65499ebe e-grid e-con-full e-con e-child\" data-id=\"65499ebe\" data-element_type=\"container\">\n\t\t\t\t<div class=\"elementor-element elementor-element-36a9eeb5 elementor-widget elementor-widget-image\" data-id=\"36a9eeb5\" data-element_type=\"widget\" data-settings=\"{&quot;wdt_animation_effect&quot;:&quot;none&quot;}\" data-widget_type=\"image.default\">\n\t\t\t\t<div class=\"elementor-widget-container\">\n\t\t\t\t\t\t\t\t\t\t\t\t\t\t\t<img loading=\"lazy\" decoding=\"async\" width=\"655\" height=\"368\" src=\"https:\/\/daidalosconstruction.com\/wp-content\/uploads\/2025\/05\/Daidalos-Web-Page-5-1.jpg\" class=\"attachment-full size-full wp-image-17266\" alt=\"\" srcset=\"https:\/\/daidalosconstruction.com\/wp-content\/uploads\/2025\/05\/Daidalos-Web-Page-5-1.jpg 655w, https:\/\/daidalosconstruction.com\/wp-content\/uploads\/2025\/05\/Daidalos-Web-Page-5-1-300x169.jpg 300w\" sizes=\"(max-width: 655px) 100vw, 655px\" \/>\t\t\t\t\t\t\t\t\t\t\t\t\t\t\t<\/div>\n\t\t\t\t<\/div>\n\t\t\t\t<div class=\"elementor-element elementor-element-49a2b17a elementor-widget elementor-widget-image\" data-id=\"49a2b17a\" data-element_type=\"widget\" data-settings=\"{&quot;wdt_animation_effect&quot;:&quot;none&quot;}\" data-widget_type=\"image.default\">\n\t\t\t\t<div class=\"elementor-widget-container\">\n\t\t\t\t\t\t\t\t\t\t\t\t\t\t\t<img loading=\"lazy\" decoding=\"async\" width=\"655\" height=\"368\" src=\"https:\/\/daidalosconstruction.com\/wp-content\/uploads\/2025\/05\/Daidalos-Web-Page-6b-1.png\" class=\"attachment-large size-large wp-image-17257\" alt=\"\" srcset=\"https:\/\/daidalosconstruction.com\/wp-content\/uploads\/2025\/05\/Daidalos-Web-Page-6b-1.png 655w, https:\/\/daidalosconstruction.com\/wp-content\/uploads\/2025\/05\/Daidalos-Web-Page-6b-1-300x169.png 300w\" sizes=\"(max-width: 655px) 100vw, 655px\" \/>\t\t\t\t\t\t\t\t\t\t\t\t\t\t\t<\/div>\n\t\t\t\t<\/div>\n\t\t\t\t<div class=\"elementor-element elementor-element-2655bed7 elementor-widget elementor-widget-image\" data-id=\"2655bed7\" data-element_type=\"widget\" data-settings=\"{&quot;wdt_animation_effect&quot;:&quot;none&quot;}\" data-widget_type=\"image.default\">\n\t\t\t\t<div class=\"elementor-widget-container\">\n\t\t\t\t\t\t\t\t\t\t\t\t\t\t\t<img loading=\"lazy\" decoding=\"async\" width=\"655\" height=\"368\" src=\"https:\/\/daidalosconstruction.com\/wp-content\/uploads\/2025\/05\/Daidalos-Web-Page-7-1.jpg\" class=\"attachment-large size-large wp-image-17251\" alt=\"\" srcset=\"https:\/\/daidalosconstruction.com\/wp-content\/uploads\/2025\/05\/Daidalos-Web-Page-7-1.jpg 655w, https:\/\/daidalosconstruction.com\/wp-content\/uploads\/2025\/05\/Daidalos-Web-Page-7-1-300x169.jpg 300w\" sizes=\"(max-width: 655px) 100vw, 655px\" \/>\t\t\t\t\t\t\t\t\t\t\t\t\t\t\t<\/div>\n\t\t\t\t<\/div>\n\t\t\t\t<\/div>\n\t\t\t\t\t<\/div>\n\t\t\t\t<\/div>\n\t\t<div class=\"elementor-element elementor-element-59fc6fbf e-con-full e-flex e-con e-parent\" data-id=\"59fc6fbf\" data-element_type=\"container\">\n\t\t<div class=\"elementor-element elementor-element-69ab0278 e-con-full e-flex e-con e-child\" data-id=\"69ab0278\" data-element_type=\"container\">\n\t\t\t\t<\/div>\n\t\t\t\t<\/div>\n\t\t\t\t<\/div>\n\t\t","protected":false},"excerpt":{"rendered":"<p> [&hellip;]<\/p>\n","protected":false},"author":1,"featured_media":0,"parent":0,"menu_order":0,"comment_status":"closed","ping_status":"closed","template":"tpl-single-listing.php","meta":{"_acf_changed":false,"footnotes":""},"class_list":["post-58201","page","type-page","status-publish","hentry"],"acf":[],"_links":{"self":[{"href":"https:\/\/daidalosconstruction.com\/es\/wp-json\/wp\/v2\/pages\/58201","targetHints":{"allow":["GET"]}}],"collection":[{"href":"https:\/\/daidalosconstruction.com\/es\/wp-json\/wp\/v2\/pages"}],"about":[{"href":"https:\/\/daidalosconstruction.com\/es\/wp-json\/wp\/v2\/types\/page"}],"author":[{"embeddable":true,"href":"https:\/\/daidalosconstruction.com\/es\/wp-json\/wp\/v2\/users\/1"}],"replies":[{"embeddable":true,"href":"https:\/\/daidalosconstruction.com\/es\/wp-json\/wp\/v2\/comments?post=58201"}],"version-history":[{"count":2,"href":"https:\/\/daidalosconstruction.com\/es\/wp-json\/wp\/v2\/pages\/58201\/revisions"}],"predecessor-version":[{"id":58204,"href":"https:\/\/daidalosconstruction.com\/es\/wp-json\/wp\/v2\/pages\/58201\/revisions\/58204"}],"wp:attachment":[{"href":"https:\/\/daidalosconstruction.com\/es\/wp-json\/wp\/v2\/media?parent=58201"}],"curies":[{"name":"wp","href":"https:\/\/api.w.org\/{rel}","templated":true}]}}